{"id":646,"date":"2023-09-19T08:29:49","date_gmt":"2023-09-19T08:29:49","guid":{"rendered":"https:\/\/charterspain.com\/contact\/"},"modified":"2024-02-26T10:04:21","modified_gmt":"2024-02-26T10:04:21","slug":"contact","status":"publish","type":"page","link":"https:\/\/charterspain.com\/en\/contact\/","title":{"rendered":"Contact"},"content":{"rendered":"<p>[et_pb_section fb_built=&#8221;1&#8243; _builder_version=&#8221;4.22.1&#8243; _module_preset=&#8221;default&#8221; custom_margin=&#8221;-50px||30px||false|false&#8221; custom_padding=&#8221;||3px||false|false&#8221; global_colors_info=&#8221;{}&#8221; collapsed=&#8221;off&#8221;][et_pb_row _builder_version=&#8221;4.22.1&#8243; _module_preset=&#8221;default&#8221; custom_padding=&#8221;11px||4px|||&#8221; global_colors_info=&#8221;{}&#8221;][et_pb_column type=&#8221;4_4&#8243; _builder_version=&#8221;4.22.1&#8243; _module_preset=&#8221;default&#8221; global_colors_info=&#8221;{}&#8221;][et_pb_heading title=&#8221;CHARTER SPAIN &#8211; CONTACT&#8221; disabled_on=&#8221;on|on|off&#8221; _builder_version=&#8221;4.22.1&#8243; _module_preset=&#8221;default&#8221; title_text_color=&#8221;#112e61&#8243; global_colors_info=&#8221;{}&#8221;][\/et_pb_heading][et_pb_heading title=&#8221;CONTACT&#8221; disabled_on=&#8221;off|off|on&#8221; _builder_version=&#8221;4.22.1&#8243; _module_preset=&#8221;default&#8221; title_text_color=&#8221;#112e61&#8243; global_colors_info=&#8221;{}&#8221;][\/et_pb_heading][\/et_pb_column][\/et_pb_row][\/et_pb_section][et_pb_section fb_built=&#8221;1&#8243; _builder_version=&#8221;4.22.1&#8243; _module_preset=&#8221;default&#8221; custom_padding=&#8221;0px||0px|||&#8221; hover_enabled=&#8221;0&#8243; global_colors_info=&#8221;{}&#8221; collapsed=&#8221;on&#8221; sticky_enabled=&#8221;0&#8243;][\/et_pb_section][et_pb_section fb_built=&#8221;1&#8243; _builder_version=&#8221;4.22.1&#8243; _module_preset=&#8221;default&#8221; custom_padding=&#8221;||15px|||&#8221; collapsed=&#8221;off&#8221; global_colors_info=&#8221;{}&#8221;][et_pb_row _builder_version=&#8221;4.22.1&#8243; _module_preset=&#8221;default&#8221; custom_margin=&#8221;-81px|auto||auto||&#8221; hover_enabled=&#8221;0&#8243; collapsed=&#8221;off&#8221; global_colors_info=&#8221;{}&#8221; sticky_enabled=&#8221;0&#8243;][et_pb_column type=&#8221;4_4&#8243; _builder_version=&#8221;4.22.1&#8243; _module_preset=&#8221;default&#8221; global_colors_info=&#8221;{}&#8221;][et_pb_contact_form email=&#8221;info@charterspain.com&#8221; title=&#8221;Leave us a message&#8221; _builder_version=&#8221;4.22.1&#8243; _module_preset=&#8221;default&#8221; _unique_id=&#8221;0b4f3697-1d69-4cc2-8849-a3495aff28c3&#8243; title_font=&#8221;||||||||&#8221; title_text_color=&#8221;#888888&#8243; width=&#8221;100%&#8221; hover_enabled=&#8221;0&#8243; global_colors_info=&#8221;{}&#8221; sticky_enabled=&#8221;0&#8243; use_spam_service=&#8221;on&#8221; recaptcha_list=&#8221;charterspainmaps@gmailcom|charterspainmaps@gmailcom-0&#8243;][et_pb_contact_field field_id=&#8221;Name&#8221; field_title=&#8221;Name&#8221; _builder_version=&#8221;4.16&#8243; hover_enabled=&#8221;0&#8243; global_colors_info=&#8221;{}&#8221; button_text_size__hover_enabled=&#8221;off&#8221; button_one_text_size__hover_enabled=&#8221;off&#8221; button_two_text_size__hover_enabled=&#8221;off&#8221; button_text_color__hover_enabled=&#8221;off&#8221; button_one_text_color__hover_enabled=&#8221;off&#8221; button_two_text_color__hover_enabled=&#8221;off&#8221; button_border_width__hover_enabled=&#8221;off&#8221; button_one_border_width__hover_enabled=&#8221;off&#8221; button_two_border_width__hover_enabled=&#8221;off&#8221; button_border_color__hover_enabled=&#8221;off&#8221; button_one_border_color__hover_enabled=&#8221;off&#8221; button_two_border_color__hover_enabled=&#8221;off&#8221; button_border_radius__hover_enabled=&#8221;off&#8221; button_one_border_radius__hover_enabled=&#8221;off&#8221; button_two_border_radius__hover_enabled=&#8221;off&#8221; button_letter_spacing__hover_enabled=&#8221;off&#8221; button_one_letter_spacing__hover_enabled=&#8221;off&#8221; button_two_letter_spacing__hover_enabled=&#8221;off&#8221; button_bg_color__hover_enabled=&#8221;off&#8221; button_one_bg_color__hover_enabled=&#8221;off&#8221; button_two_bg_color__hover_enabled=&#8221;off&#8221; sticky_enabled=&#8221;0&#8243;][\/et_pb_contact_field][et_pb_contact_field field_id=&#8221;Email&#8221; field_title=&#8221;Email address&#8221; field_type=&#8221;email&#8221; _builder_version=&#8221;4.16&#8243; global_colors_info=&#8221;{}&#8221; button_text_size__hover_enabled=&#8221;off&#8221; button_one_text_size__hover_enabled=&#8221;off&#8221; button_two_text_size__hover_enabled=&#8221;off&#8221; button_text_color__hover_enabled=&#8221;off&#8221; button_one_text_color__hover_enabled=&#8221;off&#8221; button_two_text_color__hover_enabled=&#8221;off&#8221; button_border_width__hover_enabled=&#8221;off&#8221; button_one_border_width__hover_enabled=&#8221;off&#8221; button_two_border_width__hover_enabled=&#8221;off&#8221; button_border_color__hover_enabled=&#8221;off&#8221; button_one_border_color__hover_enabled=&#8221;off&#8221; button_two_border_color__hover_enabled=&#8221;off&#8221; button_border_radius__hover_enabled=&#8221;off&#8221; button_one_border_radius__hover_enabled=&#8221;off&#8221; button_two_border_radius__hover_enabled=&#8221;off&#8221; button_letter_spacing__hover_enabled=&#8221;off&#8221; button_one_letter_spacing__hover_enabled=&#8221;off&#8221; button_two_letter_spacing__hover_enabled=&#8221;off&#8221; button_bg_color__hover_enabled=&#8221;off&#8221; button_one_bg_color__hover_enabled=&#8221;off&#8221; button_two_bg_color__hover_enabled=&#8221;off&#8221;][\/et_pb_contact_field][et_pb_contact_field field_id=&#8221;Message&#8221; field_title=&#8221;Message&#8221; field_type=&#8221;text&#8221; fullwidth_field=&#8221;on&#8221; _builder_version=&#8221;4.16&#8243; global_colors_info=&#8221;{}&#8221; button_text_size__hover_enabled=&#8221;off&#8221; button_one_text_size__hover_enabled=&#8221;off&#8221; button_two_text_size__hover_enabled=&#8221;off&#8221; button_text_color__hover_enabled=&#8221;off&#8221; button_one_text_color__hover_enabled=&#8221;off&#8221; button_two_text_color__hover_enabled=&#8221;off&#8221; button_border_width__hover_enabled=&#8221;off&#8221; button_one_border_width__hover_enabled=&#8221;off&#8221; button_two_border_width__hover_enabled=&#8221;off&#8221; button_border_color__hover_enabled=&#8221;off&#8221; button_one_border_color__hover_enabled=&#8221;off&#8221; button_two_border_color__hover_enabled=&#8221;off&#8221; button_border_radius__hover_enabled=&#8221;off&#8221; button_one_border_radius__hover_enabled=&#8221;off&#8221; button_two_border_radius__hover_enabled=&#8221;off&#8221; button_letter_spacing__hover_enabled=&#8221;off&#8221; button_one_letter_spacing__hover_enabled=&#8221;off&#8221; button_two_letter_spacing__hover_enabled=&#8221;off&#8221; button_bg_color__hover_enabled=&#8221;off&#8221; button_one_bg_color__hover_enabled=&#8221;off&#8221; button_two_bg_color__hover_enabled=&#8221;off&#8221;][\/et_pb_contact_field][et_pb_contact_field field_id=&#8221;Politica_de_datos&#8221; field_title=&#8221;Terms and Conditions &#8221; field_type=&#8221;checkbox&#8221; checkbox_options=&#8221;%91{%22value%22:%22I give my consent for my personal data to be used for the purpose of contacting me %22,%22checked%22:0,%22dragID%22:-1}%93&#8243; fullwidth_field=&#8221;on&#8221; _builder_version=&#8221;4.22.1&#8243; _module_preset=&#8221;default&#8221; global_colors_info=&#8221;{}&#8221;][\/et_pb_contact_field][\/et_pb_contact_form][\/et_pb_column][\/et_pb_row][\/et_pb_section]<\/p>\n","protected":false},"excerpt":{"rendered":"","protected":false},"author":1,"featured_media":0,"parent":0,"menu_order":0,"comment_status":"closed","ping_status":"closed","template":"","meta":{"_et_pb_use_builder":"on","_et_pb_old_content":"","_et_gb_content_width":"","footnotes":""},"class_list":["post-646","page","type-page","status-publish","hentry"],"yoast_head":"<!-- This site is optimized with the Yoast SEO plugin v23.9 - https:\/\/yoast.com\/wordpress\/plugins\/seo\/ -->\n<title>Contacta con nosotros - Charterspain<\/title>\n<meta name=\"description\" content=\"\u00bfTienes preguntas o necesitas asistencia? Estamos aqu\u00ed para ayudarte. Ponte en contacto con nuestro equipo de CharterSpain a trav\u00e9s de nuestro formulario de contacto o utiliza la informaci\u00f3n proporcionada para llamarnos o visitarnos. \u00a1Esperamos poder ayudarte a planificar tu pr\u00f3xima aventura n\u00e1utica!\" \/>\n<meta name=\"robots\" content=\"index, follow, max-snippet:-1, max-image-preview:large, max-video-preview:-1\" \/>\n<link rel=\"canonical\" href=\"https:\/\/charterspain.com\/en\/contact\/\" \/>\n<meta property=\"og:locale\" content=\"en_US\" \/>\n<meta property=\"og:type\" content=\"article\" \/>\n<meta property=\"og:title\" content=\"Contacta con nosotros - Charterspain\" \/>\n<meta property=\"og:description\" content=\"\u00bfTienes preguntas o necesitas asistencia? Estamos aqu\u00ed para ayudarte. Ponte en contacto con nuestro equipo de CharterSpain a trav\u00e9s de nuestro formulario de contacto o utiliza la informaci\u00f3n proporcionada para llamarnos o visitarnos. \u00a1Esperamos poder ayudarte a planificar tu pr\u00f3xima aventura n\u00e1utica!\" \/>\n<meta property=\"og:url\" content=\"https:\/\/charterspain.com\/en\/contact\/\" \/>\n<meta property=\"og:site_name\" content=\"Charter Spain\" \/>\n<meta property=\"article:modified_time\" content=\"2024-02-26T10:04:21+00:00\" \/>\n<meta name=\"twitter:card\" content=\"summary_large_image\" \/>\n<meta name=\"twitter:label1\" content=\"Est. reading time\" \/>\n\t<meta name=\"twitter:data1\" content=\"4 minutes\" \/>\n<script type=\"application\/ld+json\" class=\"yoast-schema-graph\">{\"@context\":\"https:\/\/schema.org\",\"@graph\":[{\"@type\":\"WebPage\",\"@id\":\"https:\/\/charterspain.com\/en\/contact\/\",\"url\":\"https:\/\/charterspain.com\/en\/contact\/\",\"name\":\"Contacta con nosotros - Charterspain\",\"isPartOf\":{\"@id\":\"https:\/\/charterspain.com\/#website\"},\"datePublished\":\"2023-09-19T08:29:49+00:00\",\"dateModified\":\"2024-02-26T10:04:21+00:00\",\"description\":\"\u00bfTienes preguntas o necesitas asistencia? Estamos aqu\u00ed para ayudarte. Ponte en contacto con nuestro equipo de CharterSpain a trav\u00e9s de nuestro formulario de contacto o utiliza la informaci\u00f3n proporcionada para llamarnos o visitarnos. \u00a1Esperamos poder ayudarte a planificar tu pr\u00f3xima aventura n\u00e1utica!\",\"breadcrumb\":{\"@id\":\"https:\/\/charterspain.com\/en\/contact\/#breadcrumb\"},\"inLanguage\":\"en-US\",\"potentialAction\":[{\"@type\":\"ReadAction\",\"target\":[\"https:\/\/charterspain.com\/en\/contact\/\"]}]},{\"@type\":\"BreadcrumbList\",\"@id\":\"https:\/\/charterspain.com\/en\/contact\/#breadcrumb\",\"itemListElement\":[{\"@type\":\"ListItem\",\"position\":1,\"name\":\"Portada\",\"item\":\"https:\/\/charterspain.com\/\"},{\"@type\":\"ListItem\",\"position\":2,\"name\":\"Contact\"}]},{\"@type\":\"WebSite\",\"@id\":\"https:\/\/charterspain.com\/#website\",\"url\":\"https:\/\/charterspain.com\/\",\"name\":\"Charter Spain\",\"description\":\"\",\"potentialAction\":[{\"@type\":\"SearchAction\",\"target\":{\"@type\":\"EntryPoint\",\"urlTemplate\":\"https:\/\/charterspain.com\/?s={search_term_string}\"},\"query-input\":{\"@type\":\"PropertyValueSpecification\",\"valueRequired\":true,\"valueName\":\"search_term_string\"}}],\"inLanguage\":\"en-US\"}]}<\/script>\n<!-- \/ Yoast SEO plugin. -->","yoast_head_json":{"title":"Contacta con nosotros - Charterspain","description":"\u00bfTienes preguntas o necesitas asistencia? Estamos aqu\u00ed para ayudarte. Ponte en contacto con nuestro equipo de CharterSpain a trav\u00e9s de nuestro formulario de contacto o utiliza la informaci\u00f3n proporcionada para llamarnos o visitarnos. \u00a1Esperamos poder ayudarte a planificar tu pr\u00f3xima aventura n\u00e1utica!","robots":{"index":"index","follow":"follow","max-snippet":"max-snippet:-1","max-image-preview":"max-image-preview:large","max-video-preview":"max-video-preview:-1"},"canonical":"https:\/\/charterspain.com\/en\/contact\/","og_locale":"en_US","og_type":"article","og_title":"Contacta con nosotros - Charterspain","og_description":"\u00bfTienes preguntas o necesitas asistencia? Estamos aqu\u00ed para ayudarte. Ponte en contacto con nuestro equipo de CharterSpain a trav\u00e9s de nuestro formulario de contacto o utiliza la informaci\u00f3n proporcionada para llamarnos o visitarnos. \u00a1Esperamos poder ayudarte a planificar tu pr\u00f3xima aventura n\u00e1utica!","og_url":"https:\/\/charterspain.com\/en\/contact\/","og_site_name":"Charter Spain","article_modified_time":"2024-02-26T10:04:21+00:00","twitter_card":"summary_large_image","twitter_misc":{"Est. reading time":"4 minutes"},"schema":{"@context":"https:\/\/schema.org","@graph":[{"@type":"WebPage","@id":"https:\/\/charterspain.com\/en\/contact\/","url":"https:\/\/charterspain.com\/en\/contact\/","name":"Contacta con nosotros - Charterspain","isPartOf":{"@id":"https:\/\/charterspain.com\/#website"},"datePublished":"2023-09-19T08:29:49+00:00","dateModified":"2024-02-26T10:04:21+00:00","description":"\u00bfTienes preguntas o necesitas asistencia? Estamos aqu\u00ed para ayudarte. Ponte en contacto con nuestro equipo de CharterSpain a trav\u00e9s de nuestro formulario de contacto o utiliza la informaci\u00f3n proporcionada para llamarnos o visitarnos. \u00a1Esperamos poder ayudarte a planificar tu pr\u00f3xima aventura n\u00e1utica!","breadcrumb":{"@id":"https:\/\/charterspain.com\/en\/contact\/#breadcrumb"},"inLanguage":"en-US","potentialAction":[{"@type":"ReadAction","target":["https:\/\/charterspain.com\/en\/contact\/"]}]},{"@type":"BreadcrumbList","@id":"https:\/\/charterspain.com\/en\/contact\/#breadcrumb","itemListElement":[{"@type":"ListItem","position":1,"name":"Portada","item":"https:\/\/charterspain.com\/"},{"@type":"ListItem","position":2,"name":"Contact"}]},{"@type":"WebSite","@id":"https:\/\/charterspain.com\/#website","url":"https:\/\/charterspain.com\/","name":"Charter Spain","description":"","potentialAction":[{"@type":"SearchAction","target":{"@type":"EntryPoint","urlTemplate":"https:\/\/charterspain.com\/?s={search_term_string}"},"query-input":{"@type":"PropertyValueSpecification","valueRequired":true,"valueName":"search_term_string"}}],"inLanguage":"en-US"}]}},"_links":{"self":[{"href":"https:\/\/charterspain.com\/en\/wp-json\/wp\/v2\/pages\/646","targetHints":{"allow":["GET"]}}],"collection":[{"href":"https:\/\/charterspain.com\/en\/wp-json\/wp\/v2\/pages"}],"about":[{"href":"https:\/\/charterspain.com\/en\/wp-json\/wp\/v2\/types\/page"}],"author":[{"embeddable":true,"href":"https:\/\/charterspain.com\/en\/wp-json\/wp\/v2\/users\/1"}],"replies":[{"embeddable":true,"href":"https:\/\/charterspain.com\/en\/wp-json\/wp\/v2\/comments?post=646"}],"version-history":[{"count":67,"href":"https:\/\/charterspain.com\/en\/wp-json\/wp\/v2\/pages\/646\/revisions"}],"predecessor-version":[{"id":1723,"href":"https:\/\/charterspain.com\/en\/wp-json\/wp\/v2\/pages\/646\/revisions\/1723"}],"wp:attachment":[{"href":"https:\/\/charterspain.com\/en\/wp-json\/wp\/v2\/media?parent=646"}],"curies":[{"name":"wp","href":"https:\/\/api.w.org\/{rel}","templated":true}]}}