{"id":643,"date":"2023-09-18T13:27:38","date_gmt":"2023-09-18T13:27:38","guid":{"rendered":"https:\/\/charterspain.com\/home-page\/"},"modified":"2024-04-30T20:29:42","modified_gmt":"2024-04-30T20:29:42","slug":"home-page","status":"publish","type":"page","link":"https:\/\/charterspain.com\/en\/","title":{"rendered":"Home page"},"content":{"rendered":"<p>[et_pb_section fb_built=&#8221;1&#8243; _builder_version=&#8221;4.22.1&#8243; _module_preset=&#8221;default&#8221; min_height=&#8221;708px&#8221; custom_margin=&#8221;-100px||0px||false|false&#8221; custom_padding=&#8221;||23px|||&#8221; global_colors_info=&#8221;{}&#8221;][et_pb_row admin_label=&#8221;Fila-seccion buscardor&#8221; _builder_version=&#8221;4.22.1&#8243; _module_preset=&#8221;default&#8221; width=&#8221;100%&#8221; max_width=&#8221;80%&#8221; custom_margin=&#8221;||||false|false&#8221; hover_enabled=&#8221;0&#8243; global_colors_info=&#8221;{}&#8221; sticky_enabled=&#8221;0&#8243;][et_pb_column type=&#8221;4_4&#8243; _builder_version=&#8221;4.22.1&#8243; _module_preset=&#8221;default&#8221; global_colors_info=&#8221;{}&#8221;][et_pb_code admin_label=&#8221;C\u00f3digo-buscador-peque\u00f1o&#8221; module_class=&#8221;IFrameHome&#8221; _builder_version=&#8221;4.22.1&#8243; _module_preset=&#8221;default&#8221; background_color=&#8221;#FFFFFF&#8221; positioning=&#8221;absolute&#8221; vertical_offset=&#8221;65px&#8221; z_index=&#8221;1000&#8243; width=&#8221;20rem&#8221; height=&#8221;75px&#8221; custom_margin=&#8221;|||30px|false|false&#8221; custom_padding=&#8221;||||false|false&#8221; hover_enabled=&#8221;0&#8243; global_colors_info=&#8221;{}&#8221; sticky_enabled=&#8221;0&#8243;]<iframe id=\"wbmResult\" name=\"\" src=\"https:\/\/www.booking-manager.com\/wbm2\/page.html?companyid=5211&#038;setlang=en&#038;view=SmallSearchForm&#038;target=_top&#038;controllerPage=https:\/\/charterspain.com\/reserva\" width=\"100%\" scrolling=\"auto\" align=\"top\" frameborder=\"0\"> class=&#8221;wbm&#8221; ><\/iframe><script src=\"https:\/\/www.booking-manager.com\/down\/wbm-alter.js\"><\/script> [\/et_pb_code][et_pb_image src=&#8221;https:\/\/charterspain.com\/wp-content\/uploads\/2024\/02\/velero-home2recorte.jpg&#8221; title_text=&#8221;velero-home2recorte&#8221; align=&#8221;center&#8221; force_fullwidth=&#8221;on&#8221; admin_label=&#8221;Imagen-cabecera&#8221; module_id=&#8221;imagen_home_barco&#8221; module_class=&#8221;imagen_home_barco&#8221; _builder_version=&#8221;4.22.1&#8243; _module_preset=&#8221;default&#8221; height=&#8221;34rem&#8221; max_height=&#8221;34rem&#8221; custom_margin=&#8221;0px|0px|1rem||false|false&#8221; custom_padding=&#8221;|0px||||&#8221; global_colors_info=&#8221;{}&#8221;][\/et_pb_image][\/et_pb_column][\/et_pb_row][et_pb_row _builder_version=&#8221;4.22.1&#8243; _module_preset=&#8221;default&#8221; background_color=&#8221;RGBA(255,255,255,0)&#8221; z_index=&#8221;1&#8243; width=&#8221;100%&#8221; max_width=&#8221;80%&#8221; global_colors_info=&#8221;{}&#8221;][et_pb_column type=&#8221;4_4&#8243; _builder_version=&#8221;4.22.1&#8243; _module_preset=&#8221;default&#8221; global_colors_info=&#8221;{}&#8221;][et_pb_code _builder_version=&#8221;4.22.1&#8243; _module_preset=&#8221;default&#8221; background_color=&#8221;#FFFFFF&#8221; positioning=&#8221;relative&#8221; z_index=&#8221;0&#8243; custom_margin=&#8221;||100px||false|false&#8221; hover_enabled=&#8221;0&#8243; global_colors_info=&#8221;{}&#8221; sticky_enabled=&#8221;0&#8243;]<!-- [et_pb_line_break_holder] --><!-- [et_pb_line_break_holder] --><\/p>\n<div id=\"map-canvas\" style=\"border: 2px solid #3872ac; height: 500px; width: 100%;\"><\/div>\n<p>[\/et_pb_code][\/et_pb_column][\/et_pb_row][\/et_pb_section][et_pb_section fb_built=&#8221;1&#8243; admin_label=&#8221;Secci\u00f3n-links&#8221; _builder_version=&#8221;4.22.1&#8243; _module_preset=&#8221;default&#8221; custom_padding=&#8221;0px||0px||false|false&#8221; collapsed=&#8221;off&#8221; global_colors_info=&#8221;{}&#8221;][et_pb_row admin_label=&#8221;Fila&#8221; _builder_version=&#8221;4.22.1&#8243; _module_preset=&#8221;default&#8221; max_width=&#8221;80%&#8221; custom_padding=&#8221;16px|||||&#8221; collapsed=&#8221;off&#8221; global_colors_info=&#8221;{}&#8221;][et_pb_column type=&#8221;4_4&#8243; _builder_version=&#8221;4.22.1&#8243; _module_preset=&#8221;default&#8221; global_colors_info=&#8221;{}&#8221;][et_pb_heading title=&#8221;The Pleasure of Sailing&#8221; _builder_version=&#8221;4.22.1&#8243; _module_preset=&#8221;default&#8221; title_font=&#8221;|600|||||||&#8221; title_text_color=&#8221;#112e61&#8243; background_color=&#8221;#FFFFFF&#8221; global_colors_info=&#8221;{}&#8221;][\/et_pb_heading][\/et_pb_column][\/et_pb_row][et_pb_row _builder_version=&#8221;4.22.1&#8243; _module_preset=&#8221;default&#8221; max_width=&#8221;80%&#8221; custom_padding=&#8221;10px||||false|false&#8221; collapsed=&#8221;off&#8221; global_colors_info=&#8221;{}&#8221;][et_pb_column type=&#8221;4_4&#8243; _builder_version=&#8221;4.22.1&#8243; _module_preset=&#8221;default&#8221; global_colors_info=&#8221;{}&#8221;][et_pb_text _builder_version=&#8221;4.22.1&#8243; _module_preset=&#8221;default&#8221; text_font=&#8221;Archivo Narrow||||||||&#8221; text_font_size=&#8221;13px&#8221; text_line_height=&#8221;1.2em&#8221; custom_margin=&#8221;-14px|||||&#8221; custom_padding=&#8221;||||false|false&#8221; global_colors_info=&#8221;{}&#8221;]<\/p>\n<p data-pm-slice=\"1 1 []\" style=\"box-sizing: border-box; margin: 0px 0px 14px; color: #222222; font-family: 'Archivo Narrow'; font-size: 16px; font-style: normal; font-variant-ligatures: normal; font-variant-caps: normal; font-weight: 400; letter-spacing: normal; orphans: 2; text-align: start; text-indent: 0px; text-transform: none; widows: 2; word-spacing: 0px; -webkit-text-stroke-width: 0px; white-space: normal; background-color: #ffffff; text-decoration-thickness: initial; text-decoration-style: initial; text-decoration-color: initial;\">At Charterspain we offer you more than 25 years of experience in the sector and a range of possibilities to meet your expectations.<\/p>\n<p style=\"box-sizing: border-box; margin: 0px; color: #222222; font-family: 'Archivo Narrow'; font-size: 16px; font-style: normal; font-variant-ligatures: normal; font-variant-caps: normal; font-weight: 400; letter-spacing: normal; orphans: 2; text-align: start; text-indent: 0px; text-transform: none; widows: 2; word-spacing: 0px; -webkit-text-stroke-width: 0px; white-space: normal; background-color: #ffffff; text-decoration-thickness: initial; text-decoration-style: initial; text-decoration-color: initial;\">A vacation with your children, a romantic trip with your partner, a trip with friends&#8230; the reason is the least important thing, the important thing is that it becomes an unforgettable experience.<\/p>\n<p>[\/et_pb_text][\/et_pb_column][\/et_pb_row][et_pb_row column_structure=&#8221;1_3,1_3,1_3&#8243; admin_label=&#8221;Fila-links&#8221; _builder_version=&#8221;4.22.1&#8243; _module_preset=&#8221;default&#8221; max_width=&#8221;80%&#8221; custom_margin=&#8221;||5rem||false|false&#8221; collapsed=&#8221;off&#8221; global_colors_info=&#8221;{}&#8221;][et_pb_column type=&#8221;1_3&#8243; _builder_version=&#8221;4.22.1&#8243; _dynamic_attributes=&#8221;link_option_url&#8221; _module_preset=&#8221;default&#8221; link_option_url=&#8221;@ET-DC@eyJkeW5hbWljIjp0cnVlLCJjb250ZW50IjoicG9zdF9saW5rX3VybF9wYWdlIiwic2V0dGluZ3MiOnsicG9zdF9pZCI6IjI5MSJ9fQ==@&#8221; global_colors_info=&#8221;{}&#8221;][et_pb_image src=&#8221;https:\/\/charterspain.com\/wp-content\/uploads\/2024\/02\/caribbean-catamaran2-1.jpg&#8221; title_text=&#8221;caribbean-catamaran2&#8243; _builder_version=&#8221;4.22.1&#8243; _module_preset=&#8221;default&#8221; width=&#8221;100%&#8221; max_width=&#8221;100%&#8221; global_colors_info=&#8221;{}&#8221;][\/et_pb_image][et_pb_heading title=&#8221;Personalized service&#8221; _builder_version=&#8221;4.22.1&#8243; _module_preset=&#8221;default&#8221; title_level=&#8221;h3&#8243; title_font=&#8221;Archivo Narrow||||||||&#8221; title_text_align=&#8221;center&#8221; title_text_color=&#8221;#112e61&#8243; global_colors_info=&#8221;{}&#8221;][\/et_pb_heading][et_pb_text _builder_version=&#8221;4.22.1&#8243; _module_preset=&#8221;default&#8221; global_colors_info=&#8221;{}&#8221;]<\/p>\n<p><span style=\"color: #222222; font-family: 'Archivo Narrow'; font-size: 16px; font-style: normal; font-variant-ligatures: normal; font-variant-caps: normal; font-weight: 400; letter-spacing: normal; orphans: 2; text-align: center; text-indent: 0px; text-transform: none; widows: 2; word-spacing: 0px; -webkit-text-stroke-width: 0px; white-space: normal; background-color: #ffffff; text-decoration-thickness: initial; text-decoration-style: initial; text-decoration-color: initial; display: inline !important; float: none;\">Request any additional service and we will take care of getting it for you.<\/span><\/p>\n<p>[\/et_pb_text][\/et_pb_column][et_pb_column type=&#8221;1_3&#8243; _builder_version=&#8221;4.22.1&#8243; _dynamic_attributes=&#8221;link_option_url&#8221; _module_preset=&#8221;default&#8221; link_option_url=&#8221;@ET-DC@eyJkeW5hbWljIjp0cnVlLCJjb250ZW50IjoicG9zdF9saW5rX3VybF9wYWdlIiwic2V0dGluZ3MiOnsicG9zdF9pZCI6IjI3NyJ9fQ==@&#8221; global_colors_info=&#8221;{}&#8221;][et_pb_image src=&#8221;https:\/\/charterspain.com\/wp-content\/uploads\/2023\/09\/Velero-playa.jpg&#8221; title_text=&#8221;Velero-playa&#8221; _builder_version=&#8221;4.22.1&#8243; _module_preset=&#8221;default&#8221; global_colors_info=&#8221;{}&#8221;][\/et_pb_image][et_pb_heading title=&#8221;Book now!&#8221; _builder_version=&#8221;4.22.1&#8243; _module_preset=&#8221;default&#8221; title_level=&#8221;h3&#8243; title_font=&#8221;Archivo Narrow||||||||&#8221; title_text_align=&#8221;center&#8221; title_text_color=&#8221;#112e61&#8243; global_colors_info=&#8221;{}&#8221;][\/et_pb_heading][et_pb_text _builder_version=&#8221;4.22.1&#8243; _module_preset=&#8221;default&#8221; global_colors_info=&#8221;{}&#8221;]<\/p>\n<p><span style=\"color: #222222; font-family: 'Archivo Narrow'; font-size: 16px; font-style: normal; font-variant-ligatures: normal; font-variant-caps: normal; font-weight: 400; letter-spacing: normal; orphans: 2; text-align: center; text-indent: 0px; text-transform: none; widows: 2; word-spacing: 0px; -webkit-text-stroke-width: 0px; white-space: normal; background-color: #ffffff; text-decoration-thickness: initial; text-decoration-style: initial; text-decoration-color: initial; display: inline !important; float: none;\">Get a 10% discount on advance reservations through the website<\/span><\/p>\n<p>[\/et_pb_text][\/et_pb_column][et_pb_column type=&#8221;1_3&#8243; _builder_version=&#8221;4.22.1&#8243; _module_preset=&#8221;default&#8221; link_option_url=&#8221;https:\/\/tripulacion.net\/&#8221; link_option_url_new_window=&#8221;on&#8221; global_colors_info=&#8221;{}&#8221;][et_pb_image src=&#8221;https:\/\/charterspain.com\/wp-content\/uploads\/2023\/09\/azafata-welcome.jpg&#8221; title_text=&#8221;azafata-welcome&#8221; _builder_version=&#8221;4.22.1&#8243; _module_preset=&#8221;default&#8221; global_colors_info=&#8221;{}&#8221;][\/et_pb_image][et_pb_heading title=&#8221;Crew&#8221; _builder_version=&#8221;4.22.1&#8243; _module_preset=&#8221;default&#8221; title_level=&#8221;h3&#8243; title_font=&#8221;Archivo Narrow||||||||&#8221; title_text_align=&#8221;center&#8221; title_text_color=&#8221;#112e61&#8243; global_colors_info=&#8221;{}&#8221;][\/et_pb_heading][et_pb_text _builder_version=&#8221;4.22.1&#8243; _module_preset=&#8221;default&#8221; global_colors_info=&#8221;{}&#8221;]<\/p>\n<p><span style=\"color: #222222; font-family: 'Archivo Narrow'; font-size: 16px; font-style: normal; font-variant-ligatures: normal; font-variant-caps: normal; font-weight: 400; letter-spacing: normal; orphans: 2; text-align: center; text-indent: 0px; text-transform: none; widows: 2; word-spacing: 0px; -webkit-text-stroke-width: 0px; white-space: normal; background-color: #ffffff; text-decoration-thickness: initial; text-decoration-style: initial; text-decoration-color: initial; display: inline !important; float: none;\">If you need it or want your vacation with maximum comfort, book your crew here.<\/span><\/p>\n<p>[\/et_pb_text][\/et_pb_column][\/et_pb_row][\/et_pb_section]<\/p>\n","protected":false},"excerpt":{"rendered":"<p>At Charterspain we offer you more than 25 years of experience in the sector and a range of possibilities to meet your expectations. A vacation with your children, a romantic trip with your partner, a trip with friends&#8230; the reason is the least important thing, the important thing is that it becomes an unforgettable experience.Request [&hellip;]<\/p>\n","protected":false},"author":1,"featured_media":0,"parent":0,"menu_order":0,"comment_status":"closed","ping_status":"closed","template":"","meta":{"_et_pb_use_builder":"on","_et_pb_old_content":"","_et_gb_content_width":"","footnotes":""},"class_list":["post-643","page","type-page","status-publish","hentry"],"yoast_head":"<!-- This site is optimized with the Yoast SEO plugin v23.9 - https:\/\/yoast.com\/wordpress\/plugins\/seo\/ -->\n<title>Charterspain - Alquiler de embarcaciones<\/title>\n<meta name=\"description\" content=\"Descubre la libertad en el mar con CharterSpain. Explora nuestras exclusivas opciones de alquiler de embarcaciones y vive experiencias inolvidables en las aguas de Espa\u00f1a. Desde yates de lujo hasta veleros pintorescos, encuentra la embarcaci\u00f3n perfecta para tu pr\u00f3xima aventura acu\u00e1tica. \u00a1Reserva ahora y navega hacia tus sue\u00f1os!\" \/>\n<meta name=\"robots\" content=\"index, follow, max-snippet:-1, max-image-preview:large, max-video-preview:-1\" \/>\n<link rel=\"canonical\" href=\"https:\/\/charterspain.com\/\" \/>\n<meta property=\"og:locale\" content=\"en_US\" \/>\n<meta property=\"og:type\" content=\"article\" \/>\n<meta property=\"og:title\" content=\"Charterspain - Alquiler de embarcaciones\" \/>\n<meta property=\"og:description\" content=\"Descubre la libertad en el mar con CharterSpain. Explora nuestras exclusivas opciones de alquiler de embarcaciones y vive experiencias inolvidables en las aguas de Espa\u00f1a. Desde yates de lujo hasta veleros pintorescos, encuentra la embarcaci\u00f3n perfecta para tu pr\u00f3xima aventura acu\u00e1tica. \u00a1Reserva ahora y navega hacia tus sue\u00f1os!\" \/>\n<meta property=\"og:url\" content=\"https:\/\/charterspain.com\/\" \/>\n<meta property=\"og:site_name\" content=\"Charter Spain\" \/>\n<meta property=\"article:modified_time\" content=\"2024-04-30T20:29:42+00:00\" \/>\n<meta name=\"twitter:card\" content=\"summary_large_image\" \/>\n<meta name=\"twitter:label1\" content=\"Est. reading time\" \/>\n\t<meta name=\"twitter:data1\" content=\"4 minutes\" \/>\n<script type=\"application\/ld+json\" class=\"yoast-schema-graph\">{\"@context\":\"https:\/\/schema.org\",\"@graph\":[{\"@type\":\"WebPage\",\"@id\":\"https:\/\/charterspain.com\/\",\"url\":\"https:\/\/charterspain.com\/\",\"name\":\"Charterspain - Alquiler de embarcaciones\",\"isPartOf\":{\"@id\":\"https:\/\/charterspain.com\/#website\"},\"datePublished\":\"2023-09-18T13:27:38+00:00\",\"dateModified\":\"2024-04-30T20:29:42+00:00\",\"description\":\"Descubre la libertad en el mar con CharterSpain. Explora nuestras exclusivas opciones de alquiler de embarcaciones y vive experiencias inolvidables en las aguas de Espa\u00f1a. Desde yates de lujo hasta veleros pintorescos, encuentra la embarcaci\u00f3n perfecta para tu pr\u00f3xima aventura acu\u00e1tica. \u00a1Reserva ahora y navega hacia tus sue\u00f1os!\",\"breadcrumb\":{\"@id\":\"https:\/\/charterspain.com\/#breadcrumb\"},\"inLanguage\":\"en-US\",\"potentialAction\":[{\"@type\":\"ReadAction\",\"target\":[\"https:\/\/charterspain.com\/\"]}]},{\"@type\":\"BreadcrumbList\",\"@id\":\"https:\/\/charterspain.com\/#breadcrumb\",\"itemListElement\":[{\"@type\":\"ListItem\",\"position\":1,\"name\":\"Portada\",\"item\":\"https:\/\/charterspain.com\/\"},{\"@type\":\"ListItem\",\"position\":2,\"name\":\"Home page\"}]},{\"@type\":\"WebSite\",\"@id\":\"https:\/\/charterspain.com\/#website\",\"url\":\"https:\/\/charterspain.com\/\",\"name\":\"Charter Spain\",\"description\":\"\",\"potentialAction\":[{\"@type\":\"SearchAction\",\"target\":{\"@type\":\"EntryPoint\",\"urlTemplate\":\"https:\/\/charterspain.com\/?s={search_term_string}\"},\"query-input\":{\"@type\":\"PropertyValueSpecification\",\"valueRequired\":true,\"valueName\":\"search_term_string\"}}],\"inLanguage\":\"en-US\"}]}<\/script>\n<!-- \/ Yoast SEO plugin. -->","yoast_head_json":{"title":"Charterspain - Alquiler de embarcaciones","description":"Descubre la libertad en el mar con CharterSpain. Explora nuestras exclusivas opciones de alquiler de embarcaciones y vive experiencias inolvidables en las aguas de Espa\u00f1a. Desde yates de lujo hasta veleros pintorescos, encuentra la embarcaci\u00f3n perfecta para tu pr\u00f3xima aventura acu\u00e1tica. \u00a1Reserva ahora y navega hacia tus sue\u00f1os!","robots":{"index":"index","follow":"follow","max-snippet":"max-snippet:-1","max-image-preview":"max-image-preview:large","max-video-preview":"max-video-preview:-1"},"canonical":"https:\/\/charterspain.com\/","og_locale":"en_US","og_type":"article","og_title":"Charterspain - Alquiler de embarcaciones","og_description":"Descubre la libertad en el mar con CharterSpain. Explora nuestras exclusivas opciones de alquiler de embarcaciones y vive experiencias inolvidables en las aguas de Espa\u00f1a. Desde yates de lujo hasta veleros pintorescos, encuentra la embarcaci\u00f3n perfecta para tu pr\u00f3xima aventura acu\u00e1tica. \u00a1Reserva ahora y navega hacia tus sue\u00f1os!","og_url":"https:\/\/charterspain.com\/","og_site_name":"Charter Spain","article_modified_time":"2024-04-30T20:29:42+00:00","twitter_card":"summary_large_image","twitter_misc":{"Est. reading time":"4 minutes"},"schema":{"@context":"https:\/\/schema.org","@graph":[{"@type":"WebPage","@id":"https:\/\/charterspain.com\/","url":"https:\/\/charterspain.com\/","name":"Charterspain - Alquiler de embarcaciones","isPartOf":{"@id":"https:\/\/charterspain.com\/#website"},"datePublished":"2023-09-18T13:27:38+00:00","dateModified":"2024-04-30T20:29:42+00:00","description":"Descubre la libertad en el mar con CharterSpain. Explora nuestras exclusivas opciones de alquiler de embarcaciones y vive experiencias inolvidables en las aguas de Espa\u00f1a. Desde yates de lujo hasta veleros pintorescos, encuentra la embarcaci\u00f3n perfecta para tu pr\u00f3xima aventura acu\u00e1tica. \u00a1Reserva ahora y navega hacia tus sue\u00f1os!","breadcrumb":{"@id":"https:\/\/charterspain.com\/#breadcrumb"},"inLanguage":"en-US","potentialAction":[{"@type":"ReadAction","target":["https:\/\/charterspain.com\/"]}]},{"@type":"BreadcrumbList","@id":"https:\/\/charterspain.com\/#breadcrumb","itemListElement":[{"@type":"ListItem","position":1,"name":"Portada","item":"https:\/\/charterspain.com\/"},{"@type":"ListItem","position":2,"name":"Home page"}]},{"@type":"WebSite","@id":"https:\/\/charterspain.com\/#website","url":"https:\/\/charterspain.com\/","name":"Charter Spain","description":"","potentialAction":[{"@type":"SearchAction","target":{"@type":"EntryPoint","urlTemplate":"https:\/\/charterspain.com\/?s={search_term_string}"},"query-input":{"@type":"PropertyValueSpecification","valueRequired":true,"valueName":"search_term_string"}}],"inLanguage":"en-US"}]}},"_links":{"self":[{"href":"https:\/\/charterspain.com\/en\/wp-json\/wp\/v2\/pages\/643","targetHints":{"allow":["GET"]}}],"collection":[{"href":"https:\/\/charterspain.com\/en\/wp-json\/wp\/v2\/pages"}],"about":[{"href":"https:\/\/charterspain.com\/en\/wp-json\/wp\/v2\/types\/page"}],"author":[{"embeddable":true,"href":"https:\/\/charterspain.com\/en\/wp-json\/wp\/v2\/users\/1"}],"replies":[{"embeddable":true,"href":"https:\/\/charterspain.com\/en\/wp-json\/wp\/v2\/comments?post=643"}],"version-history":[{"count":148,"href":"https:\/\/charterspain.com\/en\/wp-json\/wp\/v2\/pages\/643\/revisions"}],"predecessor-version":[{"id":1859,"href":"https:\/\/charterspain.com\/en\/wp-json\/wp\/v2\/pages\/643\/revisions\/1859"}],"wp:attachment":[{"href":"https:\/\/charterspain.com\/en\/wp-json\/wp\/v2\/media?parent=643"}],"curies":[{"name":"wp","href":"https:\/\/api.w.org\/{rel}","templated":true}]}}